{"id":2091,"date":"2020-05-10T16:10:29","date_gmt":"2020-05-10T16:10:29","guid":{"rendered":"https:\/\/www.vilaemona.si\/getting-around\/"},"modified":"2021-11-21T15:51:38","modified_gmt":"2021-11-21T15:51:38","slug":"spoznajte-ljubljano","status":"publish","type":"page","link":"https:\/\/www.vilaemona.si\/sl\/spoznajte-ljubljano\/","title":{"rendered":"Spoznajte Ljubljano"},"content":{"rendered":"<div class=\"wpb-content-wrapper\"><p>[vc_row css=&#8221;.vc_custom_1609924677564{padding-top: 8vh !important;padding-bottom: 4vh !important;}&#8221;][vc_column]<div id=\"cz_73012\" class=\"cz_73012 cz_title clr cz_title_pos_inline\"><div class=\"cz_title_content\"><div class=\"cz_wpe_content\"><h2>Lahkih nog naokrog &#8211; spoznajte ljubljano<\/h2>\n<\/div><\/div><\/div><div class=\"cz_gap clr \" style=\"height: 50px\"><\/div><div id=\"cz_94999\" class=\"cz_94999 cz_title clr cz_title_pos_inline\"><div class=\"cz_title_content\"><div class=\"cz_wpe_content\"><p>Vila Emona se nahaja v mirnem predmestju Ljubljane, toda vseeno se vse glavne mestne znamenitosti nahajajo le korak stran. Do najbli\u017eje avtobusne postaje je tako zgolj 10 metrov, do centra mesta 500 metrov, do starega mestnega jedra 5 minut hoje in do zelenega parka Tivoli 20 minut hoje. V neposredni bli\u017eini apartmajev pa se nahaja tudi zeleni park z igri\u0161\u010dem ob reki Grada\u0161\u010dici.<\/p>\n<p>&nbsp;<\/p>\n<p>Staro mestno jedro Ljubljane je ujeto med reko in gradom ter se nahaja tik za vogalom Vile Emona. Tu se najdejo \u0161tevilne dobre restavracije z okusno hrano. Lahko pa se sprehodite tudi do znamenitega Tromostovja in tr\u017enice ali pa se preprosto podate na izlet do Ljubljanskega gradu ter u\u017eivate v norem razgledu.<\/p>\n<p>&nbsp;<\/p>\n<p>Najve\u010d kulturnih dogodkov se odvija v sredi\u0161\u010du mesta, zlasti pa na obmo\u010dju okoli Pre\u0161ernovega trga. Poleg barov in restavracij boste v sredi\u0161\u010du Ljubljane na\u0161li tudi \u0161tevilne muzeje in umetni\u0161ke galerije.<\/p>\n<\/div><\/div><\/div>[\/vc_column][\/vc_row][vc_row css=&#8221;.vc_custom_1609924685752{padding-top: 2vh !important;padding-bottom: 2vh !important;}&#8221;][vc_column]<div id=\"cz_50165\" data-position=\"top-right\" class=\"cz_50165 cz_image clr cz_image_no_fx center_on_mobile\"><div class=\"\" ><div class=\"cz_image_in\"><div class=\"cz_main_image\"><img loading=\"lazy\" decoding=\"async\" width=\"1800\" height=\"878\" src=\"https:\/\/www.vilaemona.si\/wp-content\/uploads\/2021\/01\/ljubljana-tromostovje-slovenia.jpg\" class=\"attachment-full\" alt=\"\" title=\"Ljubljana,Slovenia,Pedestrian bridge and buildings illuminated at night, Ljubljana, Central Slovenia, Slovenia\" srcset=\"https:\/\/www.vilaemona.si\/wp-content\/uploads\/2021\/01\/ljubljana-tromostovje-slovenia.jpg 1800w, https:\/\/www.vilaemona.si\/wp-content\/uploads\/2021\/01\/ljubljana-tromostovje-slovenia-300x146.jpg 300w, https:\/\/www.vilaemona.si\/wp-content\/uploads\/2021\/01\/ljubljana-tromostovje-slovenia-1024x499.jpg 1024w, https:\/\/www.vilaemona.si\/wp-content\/uploads\/2021\/01\/ljubljana-tromostovje-slovenia-768x375.jpg 768w, https:\/\/www.vilaemona.si\/wp-content\/uploads\/2021\/01\/ljubljana-tromostovje-slovenia-1536x749.jpg 1536w, https:\/\/www.vilaemona.si\/wp-content\/uploads\/2021\/01\/ljubljana-tromostovje-slovenia-600x293.jpg 600w\" sizes=\"auto, (max-width: 1800px) 100vw, 1800px\" \/><\/div><\/div><\/div><\/div>[\/vc_column][\/vc_row][vc_row css=&#8221;.vc_custom_1609924695403{padding-top: 4vh !important;padding-bottom: 4vh !important;}&#8221;][vc_column]<div id=\"cz_27725\" class=\"cz_27725 cz_title clr cz_title_pos_inline\"><div class=\"cz_title_content\"><div class=\"cz_wpe_content\"><h2>o LJUBLJANI<\/h2>\n<\/div><\/div><\/div><div class=\"cz_gap clr \" style=\"height: 50px\"><\/div><div id=\"cz_55084\" class=\"cz_55084 cz_title clr cz_title_pos_inline\"><div class=\"cz_title_content\"><div class=\"cz_wpe_content\"><h3>ZGODOVINA LJUBLJANE<\/h3>\n<p>Razvoj Ljubljane sega v rimske \u010dase. Na obmo\u010dju dana\u0161nje Ljubljane je namre\u010d \u017ee takrat stala utrjena rimska naselbina, ki se je imenovala Emona.<\/p>\n<p>Toda ko so Emono uni\u010dili Huni, so se sem priselili Slovani in zgradili mesto pod grajskim gri\u010dem, ki se je razvilo v srednjeve\u0161ko Ljubljano (znano kot Laibach).<\/p>\n<p>Ta je bila nato pod habsbur\u0161ko oblastjo vse do propada Avstro-Ogrske monarhije leta 1918 in nato del Jugoslavije do leta 1991.<\/p>\n<\/div><\/div><\/div><div class=\"cz_gap clr \" style=\"height: 32px\"><\/div><div id=\"cz_78775\" class=\"cz_78775 cz_title clr cz_title_pos_inline\"><div class=\"cz_title_content\"><div class=\"cz_wpe_content\"><h3>DEJSTVA O LJUBLJANI<\/h3>\n<p>Ljubljana je glavno mesto Slovenije, ki je ena izmed najmanj\u0161ih \u010dlanic Evropske unije. \u0160tevilo prebivalcev Slovenije je pribli\u017eno 2 milijona, prebivalcev Ljubljane pa pribli\u017eno 300.000. Ljubljana tako spada med najmanj\u0161e prestolnice EU. Vendar pa si upamo trditi, da se zagotovo uvr\u0161\u010da med najlep\u0161e in med najvarnej\u0161e od vseh.<\/p>\n<\/div><\/div><\/div><div class=\"cz_gap clr \" style=\"height: 32px\"><\/div><div id=\"cz_92163\" class=\"cz_92163 cz_title clr cz_title_pos_inline\"><div class=\"cz_title_content\"><div class=\"cz_wpe_content\"><h3>LJUBLJANSKI ZMAJ<\/h3>\n<p>Ljubljanski zmaj je simbol mesta in predstavlja mo\u010d, pogum in veli\u010dino. Zmaje boste tako na\u0161li na Zmajevem mostu in na ljubljanskem grbu.<\/p>\n<\/div><\/div><\/div><div class=\"cz_gap clr \" style=\"height: 32px\"><\/div><div id=\"cz_93436\" class=\"cz_93436 cz_title clr cz_title_pos_inline\"><div class=\"cz_title_content\"><div class=\"cz_wpe_content\"><h3>KJE SE LAHKO KUPI KARTICO URBANA?<\/h3>\n<p>Kartico Urbana lahko kupite na kateremkoli avtomatu Urbana &#8211; ti se ve\u010dinoma nahajajo v neposredni bli\u017eini avtobusnih postajali\u0161\u010d. Lahko se jo kupi tudi v kioskih in trafikah, na izbranih bencinskih servisih in po\u0161tah ter v ve\u010dih trgovskih centrih Mercator in Spar. Kartico Urbana prodajajo tudi na LPP Potni\u0161kem centru na Slovenski cesti 56 v Ljubljani, na ljubljanski avtobusni postaji na Trgu 4, v dveh turisti\u010dno informacijskih centrih, na Krekovem trgu 10 in na Adami\u010d-Lundrovem Nabre\u017eju 2, pa tudi na kateremkoli mestu z logotipom Urbana (rde\u010d krog z napisom Urbana).<\/p>\n<\/div><\/div><\/div><div class=\"cz_gap clr \" style=\"height: 32px\"><\/div><div id=\"cz_90639\" class=\"cz_90639 cz_title clr cz_title_pos_inline\"><div class=\"cz_title_content\"><div class=\"cz_wpe_content\"><h3>KJE LAHKO PREVZAMEM LJUBLJANSKO TURISTI\u010cNO KARTICO?<\/h3>\n<p>Ljubljansko turisti\u010dno izkaznico lahko prevzamete na letali\u0161\u010du Jo\u017eeta Pu\u010dnika Ljubljana ali v Turisti\u010dno Informacijskem Centru (TIC). Pri nakupu kartice preko spleta izberite \u0161e mesto prevzema.<\/p>\n<p>Prevzemno mesto na letali\u0161\u010du Jo\u017eeta Pu\u010dnika Ljubljana je turisti\u010dno informacijsko sredi\u0161\u010de v dvorani Prihodi.<\/p>\n<p>Turisti\u010dno informacijski center (TIC), Adami\u010d &#8211; Lundrovo nabre\u017eje 2, Ljubljana. Delovni \u010das:<\/p>\n<\/div><\/div><\/div><div class=\"cz_gap clr \" style=\"height: 32px\"><\/div><div id=\"cz_30705\" class=\"cz_30705 cz_title clr cz_title_pos_inline\"><div class=\"cz_title_content\"><div class=\"cz_wpe_content\"><h3>ZGOLJ EN DAN V MESTU &#8211; KAJ NAREDITI?<\/h3>\n<p>Ljubljana je morda ena najprivla\u010dnej\u0161ih prestolnic na svetu, zagotovo pa je ena najmanj\u0161ih v Evropi. Toda naj vas to ne zavede! V Ljubljani je namre\u010d veliko za videti, izkusiti in do\u017eiveti.<\/p>\n<\/div><\/div><\/div><div class=\"cz_gap clr \" style=\"height: 32px\"><\/div><div id=\"cz_65814\" class=\"cz_65814 cz_title clr cz_title_pos_inline\"><div class=\"cz_title_content\"><div class=\"cz_wpe_content\"><h3>ALI SE V SLOVENIJI PO 21.URI LAHKO KUPI ALKOHOL V TRGOVINI?<\/h3>\n<p>Ne, po 21. uri v nobeni slovenski trgovini ne morete kupiti nobene vrste alkohola. Prav tako ne morete kupiti ni\u010d mo\u010dnej\u0161ega od piva ali vina v kavarnah in barih pred 10. uro zjutraj.<\/p>\n<\/div><\/div><\/div>[\/vc_column][\/vc_row][vc_row css=&#8221;.vc_custom_1609924764286{padding-top: 4vh !important;padding-bottom: 8vh !important;}&#8221;][vc_column]<div id=\"cz_92854\" class=\"cz_grid_p cz_92854\"><div class=\"cz_grid cz_grid_1 clr cz_grid_c4 cz_grid_1_no_title cz_grid_1_mid tac cz_tooltip cz_grid_1_no_title\"><div class=\"cz_grid_item cz_grid_first\"><\/div><div class=\"cz_grid_item \"><div data-title=\"Vila Emona Ljubljana\"><a class=\"cz_grid_link \" href=\"https:\/\/www.vilaemona.si\/wp-content\/uploads\/2020\/05\/ljubljana-vila-emona-03.jpg\" data-xtra-lightbox><img loading=\"lazy\" decoding=\"async\" width=\"600\" height=\"600\" src=\"https:\/\/www.vilaemona.si\/wp-content\/uploads\/2020\/05\/ljubljana-vila-emona-03-600x600.jpg\" class=\"attachment-codevz_600_600\" alt=\"\" title=\"Vila Emona Ljubljana\" srcset=\"https:\/\/www.vilaemona.si\/wp-content\/uploads\/2020\/05\/ljubljana-vila-emona-03-600x600.jpg 600w, https:\/\/www.vilaemona.si\/wp-content\/uploads\/2020\/05\/ljubljana-vila-emona-03-150x150.jpg 150w\" sizes=\"auto, (max-width: 600px) 100vw, 600px\" \/><div class=\"cz_grid_details\"><i class=\"fa fa-search cz_grid_icon\"><\/i><\/div><\/a><\/div><\/div><div class=\"cz_grid_item \"><div data-title=\"ljubljana-vila-emona-02\"><a class=\"cz_grid_link \" href=\"https:\/\/www.vilaemona.si\/wp-content\/uploads\/2020\/05\/ljubljana-vila-emona-02.jpg\" data-xtra-lightbox><img loading=\"lazy\" decoding=\"async\" width=\"600\" height=\"600\" src=\"https:\/\/www.vilaemona.si\/wp-content\/uploads\/2020\/05\/ljubljana-vila-emona-02-600x600.jpg\" class=\"attachment-codevz_600_600\" alt=\"\" title=\"ljubljana-vila-emona-02\" srcset=\"https:\/\/www.vilaemona.si\/wp-content\/uploads\/2020\/05\/ljubljana-vila-emona-02-600x600.jpg 600w, https:\/\/www.vilaemona.si\/wp-content\/uploads\/2020\/05\/ljubljana-vila-emona-02-150x150.jpg 150w\" sizes=\"auto, (max-width: 600px) 100vw, 600px\" \/><div class=\"cz_grid_details\"><i class=\"fa fa-search cz_grid_icon\"><\/i><\/div><\/a><\/div><\/div><div class=\"cz_grid_item \"><div data-title=\"Cobblers bridge, illuminated for New Years celebration\"><a class=\"cz_grid_link \" href=\"https:\/\/www.vilaemona.si\/wp-content\/uploads\/2020\/05\/ljubljana-vila-emona-01.jpg\" data-xtra-lightbox><img loading=\"lazy\" decoding=\"async\" width=\"600\" height=\"600\" src=\"https:\/\/www.vilaemona.si\/wp-content\/uploads\/2020\/05\/ljubljana-vila-emona-01-600x600.jpg\" class=\"attachment-codevz_600_600\" alt=\"\" title=\"Cobblers bridge, illuminated for New Years celebration\" srcset=\"https:\/\/www.vilaemona.si\/wp-content\/uploads\/2020\/05\/ljubljana-vila-emona-01-600x600.jpg 600w, https:\/\/www.vilaemona.si\/wp-content\/uploads\/2020\/05\/ljubljana-vila-emona-01-150x150.jpg 150w\" sizes=\"auto, (max-width: 600px) 100vw, 600px\" \/><div class=\"cz_grid_details\"><i class=\"fa fa-search cz_grid_icon\"><\/i><\/div><\/a><\/div><\/div><div class=\"cz_grid_item \"><div data-title=\"vila-emona-ljubljana-getting-around-01\"><a class=\"cz_grid_link \" href=\"https:\/\/www.vilaemona.si\/wp-content\/uploads\/2020\/05\/vila-emona-ljubljana-getting-around-01.jpg\" data-xtra-lightbox><img loading=\"lazy\" decoding=\"async\" width=\"600\" height=\"600\" src=\"https:\/\/www.vilaemona.si\/wp-content\/uploads\/2020\/05\/vila-emona-ljubljana-getting-around-01-600x600.jpg\" class=\"attachment-codevz_600_600\" alt=\"\" title=\"vila-emona-ljubljana-getting-around-01\" srcset=\"https:\/\/www.vilaemona.si\/wp-content\/uploads\/2020\/05\/vila-emona-ljubljana-getting-around-01-600x600.jpg 600w, https:\/\/www.vilaemona.si\/wp-content\/uploads\/2020\/05\/vila-emona-ljubljana-getting-around-01-150x150.jpg 150w\" sizes=\"auto, (max-width: 600px) 100vw, 600px\" \/><div class=\"cz_grid_details\"><i class=\"fa fa-search cz_grid_icon\"><\/i><\/div><\/a><\/div><\/div><div class=\"cz_grid_item \"><div data-title=\"vila-emona-ljubljana-getting-around-02\"><a class=\"cz_grid_link \" href=\"https:\/\/www.vilaemona.si\/wp-content\/uploads\/2020\/05\/vila-emona-ljubljana-getting-around-02.jpg\" data-xtra-lightbox><img loading=\"lazy\" decoding=\"async\" width=\"600\" height=\"600\" src=\"https:\/\/www.vilaemona.si\/wp-content\/uploads\/2020\/05\/vila-emona-ljubljana-getting-around-02-600x600.jpg\" class=\"attachment-codevz_600_600\" alt=\"\" title=\"vila-emona-ljubljana-getting-around-02\" srcset=\"https:\/\/www.vilaemona.si\/wp-content\/uploads\/2020\/05\/vila-emona-ljubljana-getting-around-02-600x600.jpg 600w, https:\/\/www.vilaemona.si\/wp-content\/uploads\/2020\/05\/vila-emona-ljubljana-getting-around-02-150x150.jpg 150w\" sizes=\"auto, (max-width: 600px) 100vw, 600px\" \/><div class=\"cz_grid_details\"><i class=\"fa fa-search cz_grid_icon\"><\/i><\/div><\/a><\/div><\/div><div class=\"cz_grid_item \"><div data-title=\"piran_slovenia\"><a class=\"cz_grid_link \" href=\"https:\/\/www.vilaemona.si\/wp-content\/uploads\/2020\/05\/piran_slovenia.jpg\" data-xtra-lightbox><img loading=\"lazy\" decoding=\"async\" width=\"600\" height=\"600\" src=\"https:\/\/www.vilaemona.si\/wp-content\/uploads\/2020\/05\/piran_slovenia-600x600.jpg\" class=\"attachment-codevz_600_600\" alt=\"\" title=\"piran_slovenia\" srcset=\"https:\/\/www.vilaemona.si\/wp-content\/uploads\/2020\/05\/piran_slovenia-600x600.jpg 600w, https:\/\/www.vilaemona.si\/wp-content\/uploads\/2020\/05\/piran_slovenia-150x150.jpg 150w\" sizes=\"auto, (max-width: 600px) 100vw, 600px\" \/><div class=\"cz_grid_details\"><i class=\"fa fa-search cz_grid_icon\"><\/i><\/div><\/a><\/div><\/div><div class=\"cz_grid_item \"><div data-title=\"jezersko\"><a class=\"cz_grid_link \" href=\"https:\/\/www.vilaemona.si\/wp-content\/uploads\/2020\/05\/jezersko.jpg\" data-xtra-lightbox><img loading=\"lazy\" decoding=\"async\" width=\"600\" height=\"600\" src=\"https:\/\/www.vilaemona.si\/wp-content\/uploads\/2020\/05\/jezersko-600x600.jpg\" class=\"attachment-codevz_600_600\" alt=\"\" title=\"jezersko\" srcset=\"https:\/\/www.vilaemona.si\/wp-content\/uploads\/2020\/05\/jezersko-600x600.jpg 600w, https:\/\/www.vilaemona.si\/wp-content\/uploads\/2020\/05\/jezersko-150x150.jpg 150w\" sizes=\"auto, (max-width: 600px) 100vw, 600px\" \/><div class=\"cz_grid_details\"><i class=\"fa fa-search cz_grid_icon\"><\/i><\/div><\/a><\/div><\/div><div class=\"cz_grid_item \"><div data-title=\"lake-bled-slovenia-vila-emona\"><a class=\"cz_grid_link \" href=\"https:\/\/www.vilaemona.si\/wp-content\/uploads\/2020\/05\/lake-bled-slovenia-vila-emona.jpg\" data-xtra-lightbox><img loading=\"lazy\" decoding=\"async\" width=\"600\" height=\"600\" src=\"https:\/\/www.vilaemona.si\/wp-content\/uploads\/2020\/05\/lake-bled-slovenia-vila-emona-600x600.jpg\" class=\"attachment-codevz_600_600\" alt=\"\" title=\"lake-bled-slovenia-vila-emona\" srcset=\"https:\/\/www.vilaemona.si\/wp-content\/uploads\/2020\/05\/lake-bled-slovenia-vila-emona-600x600.jpg 600w, https:\/\/www.vilaemona.si\/wp-content\/uploads\/2020\/05\/lake-bled-slovenia-vila-emona-150x150.jpg 150w\" sizes=\"auto, (max-width: 600px) 100vw, 600px\" \/><div class=\"cz_grid_details\"><i class=\"fa fa-search cz_grid_icon\"><\/i><\/div><\/a><\/div><\/div><\/div><\/div>[\/vc_column][\/vc_row]<\/p>\n<\/div>","protected":false},"excerpt":{"rendered":"<p>[vc_row css=&#8221;.vc_custom_1609924677564{padding-top: 8vh !important;padding-bottom: 4vh !important;}&#8221;][vc_column][\/vc_column][\/vc_row][vc_row css=&#8221;.vc_custom_1609924685752{padding-top: 2vh !important;padding-bottom: 2vh !important;}&#8221;][vc_column][\/vc_column][\/vc_row][vc_row &#8230; <\/p>\n","protected":false},"author":1,"featured_media":0,"parent":0,"menu_order":0,"comment_status":"closed","ping_status":"closed","template":"","meta":{"footnotes":""},"class_list":["post-2091","page","type-page","status-publish","hentry"],"yoast_head":"<!-- This site is optimized with the Yoast SEO plugin v25.9 - https:\/\/yoast.com\/wordpress\/plugins\/seo\/ -->\n<title>Spoznajte Ljubljano - Vila Emona<\/title>\n<meta name=\"robots\" content=\"index, follow, max-snippet:-1, max-image-preview:large, max-video-preview:-1\" \/>\n<link rel=\"canonical\" href=\"https:\/\/www.vilaemona.si\/sl\/spoznajte-ljubljano\/\" \/>\n<meta property=\"og:locale\" content=\"sl_SI\" \/>\n<meta property=\"og:type\" content=\"article\" \/>\n<meta property=\"og:title\" content=\"Spoznajte Ljubljano - Vila Emona\" \/>\n<meta property=\"og:description\" content=\"[vc_row css=&#8221;.vc_custom_1609924677564{padding-top: 8vh !important;padding-bottom: 4vh !important;}&#8221;][vc_column][\/vc_column][\/vc_row][vc_row css=&#8221;.vc_custom_1609924685752{padding-top: 2vh !important;padding-bottom: 2vh !important;}&#8221;][vc_column][\/vc_column][\/vc_row][vc_row ...\" \/>\n<meta property=\"og:url\" content=\"https:\/\/www.vilaemona.si\/sl\/spoznajte-ljubljano\/\" \/>\n<meta property=\"og:site_name\" content=\"Vila Emona\" \/>\n<meta property=\"article:modified_time\" content=\"2021-11-21T15:51:38+00:00\" \/>\n<meta name=\"twitter:card\" content=\"summary_large_image\" \/>\n<meta name=\"twitter:label1\" content=\"Est. reading time\" \/>\n\t<meta name=\"twitter:data1\" content=\"4 minute\" \/>\n<script type=\"application\/ld+json\" class=\"yoast-schema-graph\">{\"@context\":\"https:\/\/schema.org\",\"@graph\":[{\"@type\":\"WebPage\",\"@id\":\"https:\/\/www.vilaemona.si\/sl\/spoznajte-ljubljano\/\",\"url\":\"https:\/\/www.vilaemona.si\/sl\/spoznajte-ljubljano\/\",\"name\":\"Spoznajte Ljubljano - Vila Emona\",\"isPartOf\":{\"@id\":\"https:\/\/www.vilaemona.si\/sl\/#website\"},\"datePublished\":\"2020-05-10T16:10:29+00:00\",\"dateModified\":\"2021-11-21T15:51:38+00:00\",\"breadcrumb\":{\"@id\":\"https:\/\/www.vilaemona.si\/sl\/spoznajte-ljubljano\/#breadcrumb\"},\"inLanguage\":\"sl-SI\",\"potentialAction\":[{\"@type\":\"ReadAction\",\"target\":[\"https:\/\/www.vilaemona.si\/sl\/spoznajte-ljubljano\/\"]}]},{\"@type\":\"BreadcrumbList\",\"@id\":\"https:\/\/www.vilaemona.si\/sl\/spoznajte-ljubljano\/#breadcrumb\",\"itemListElement\":[{\"@type\":\"ListItem\",\"position\":1,\"name\":\"Home\",\"item\":\"https:\/\/www.vilaemona.si\/sl\/\"},{\"@type\":\"ListItem\",\"position\":2,\"name\":\"Spoznajte Ljubljano\"}]},{\"@type\":\"WebSite\",\"@id\":\"https:\/\/www.vilaemona.si\/sl\/#website\",\"url\":\"https:\/\/www.vilaemona.si\/sl\/\",\"name\":\"Vila Emona\",\"description\":\"Your home in Ljubljana Slovenia\",\"potentialAction\":[{\"@type\":\"SearchAction\",\"target\":{\"@type\":\"EntryPoint\",\"urlTemplate\":\"https:\/\/www.vilaemona.si\/sl\/?s={search_term_string}\"},\"query-input\":{\"@type\":\"PropertyValueSpecification\",\"valueRequired\":true,\"valueName\":\"search_term_string\"}}],\"inLanguage\":\"sl-SI\"}]}<\/script>\n<!-- \/ Yoast SEO plugin. -->","yoast_head_json":{"title":"Spoznajte Ljubljano - Vila Emona","robots":{"index":"index","follow":"follow","max-snippet":"max-snippet:-1","max-image-preview":"max-image-preview:large","max-video-preview":"max-video-preview:-1"},"canonical":"https:\/\/www.vilaemona.si\/sl\/spoznajte-ljubljano\/","og_locale":"sl_SI","og_type":"article","og_title":"Spoznajte Ljubljano - Vila Emona","og_description":"[vc_row css=&#8221;.vc_custom_1609924677564{padding-top: 8vh !important;padding-bottom: 4vh !important;}&#8221;][vc_column][\/vc_column][\/vc_row][vc_row css=&#8221;.vc_custom_1609924685752{padding-top: 2vh !important;padding-bottom: 2vh !important;}&#8221;][vc_column][\/vc_column][\/vc_row][vc_row ...","og_url":"https:\/\/www.vilaemona.si\/sl\/spoznajte-ljubljano\/","og_site_name":"Vila Emona","article_modified_time":"2021-11-21T15:51:38+00:00","twitter_card":"summary_large_image","twitter_misc":{"Est. reading time":"4 minute"},"schema":{"@context":"https:\/\/schema.org","@graph":[{"@type":"WebPage","@id":"https:\/\/www.vilaemona.si\/sl\/spoznajte-ljubljano\/","url":"https:\/\/www.vilaemona.si\/sl\/spoznajte-ljubljano\/","name":"Spoznajte Ljubljano - Vila Emona","isPartOf":{"@id":"https:\/\/www.vilaemona.si\/sl\/#website"},"datePublished":"2020-05-10T16:10:29+00:00","dateModified":"2021-11-21T15:51:38+00:00","breadcrumb":{"@id":"https:\/\/www.vilaemona.si\/sl\/spoznajte-ljubljano\/#breadcrumb"},"inLanguage":"sl-SI","potentialAction":[{"@type":"ReadAction","target":["https:\/\/www.vilaemona.si\/sl\/spoznajte-ljubljano\/"]}]},{"@type":"BreadcrumbList","@id":"https:\/\/www.vilaemona.si\/sl\/spoznajte-ljubljano\/#breadcrumb","itemListElement":[{"@type":"ListItem","position":1,"name":"Home","item":"https:\/\/www.vilaemona.si\/sl\/"},{"@type":"ListItem","position":2,"name":"Spoznajte Ljubljano"}]},{"@type":"WebSite","@id":"https:\/\/www.vilaemona.si\/sl\/#website","url":"https:\/\/www.vilaemona.si\/sl\/","name":"Vila Emona","description":"Your home in Ljubljana Slovenia","potentialAction":[{"@type":"SearchAction","target":{"@type":"EntryPoint","urlTemplate":"https:\/\/www.vilaemona.si\/sl\/?s={search_term_string}"},"query-input":{"@type":"PropertyValueSpecification","valueRequired":true,"valueName":"search_term_string"}}],"inLanguage":"sl-SI"}]}},"_links":{"self":[{"href":"https:\/\/www.vilaemona.si\/sl\/wp-json\/wp\/v2\/pages\/2091","targetHints":{"allow":["GET"]}}],"collection":[{"href":"https:\/\/www.vilaemona.si\/sl\/wp-json\/wp\/v2\/pages"}],"about":[{"href":"https:\/\/www.vilaemona.si\/sl\/wp-json\/wp\/v2\/types\/page"}],"author":[{"embeddable":true,"href":"https:\/\/www.vilaemona.si\/sl\/wp-json\/wp\/v2\/users\/1"}],"replies":[{"embeddable":true,"href":"https:\/\/www.vilaemona.si\/sl\/wp-json\/wp\/v2\/comments?post=2091"}],"version-history":[{"count":4,"href":"https:\/\/www.vilaemona.si\/sl\/wp-json\/wp\/v2\/pages\/2091\/revisions"}],"predecessor-version":[{"id":2100,"href":"https:\/\/www.vilaemona.si\/sl\/wp-json\/wp\/v2\/pages\/2091\/revisions\/2100"}],"wp:attachment":[{"href":"https:\/\/www.vilaemona.si\/sl\/wp-json\/wp\/v2\/media?parent=2091"}],"curies":[{"name":"wp","href":"https:\/\/api.w.org\/{rel}","templated":true}]}}