{"id":2101,"date":"2017-06-10T08:34:22","date_gmt":"2017-06-10T08:34:22","guid":{"rendered":"https:\/\/www.vilaemona.si\/faq\/"},"modified":"2021-11-21T16:19:06","modified_gmt":"2021-11-21T16:19:06","slug":"faq","status":"publish","type":"page","link":"https:\/\/www.vilaemona.si\/sl\/faq\/","title":{"rendered":"FAQ"},"content":{"rendered":"<div class=\"wpb-content-wrapper\"><p>[vc_row css=&#8221;.vc_custom_1589112795095{padding-top: 12vh !important;padding-bottom: 6vh !important;}&#8221;][vc_column]<div id=\"cz_97384\" class=\"cz_97384 cz_title clr cz_mobile_text_center cz_title_pos_inline tac\"><div class=\"cz_title_shape shape_text cz_shape_1\">FAQ<\/div><div class=\"cz_title_content\"><div class=\"cz_wpe_content\"><h2 style=\"text-align: center;\">NAJPOGOSTEJ\u0160A VPRA\u0160ANJA O VILI EMONA<\/h2>\n<\/div><\/div><\/div>[\/vc_column][\/vc_row][vc_row css=&#8221;.vc_custom_1589112930261{padding-top: 4vh !important;padding-bottom: 4vh !important;}&#8221;][vc_column width=&#8221;1\/3&#8243;]<div id=\"cz_89296\" class=\"cz_89296 cz_title clr cz_mobile_text_center cz_title_pos_inline\"><div class=\"cz_title_content\"><div class=\"cz_wpe_content\"><h3><span style=\"font-size: 36px; font-weight: 300;\">o<\/span><\/h3>\n<h2>VILI EMONA<\/h2>\n<\/div><\/div><\/div><div class=\"cz_gap clr \" style=\"height: 100px\"><\/div>[\/vc_column][vc_column width=&#8221;2\/3&#8243;]<div id=\"cz_14375\" data-arrows='{\"open\":\"fa fa-plus\",\"close\":\"fa fa-minus\"}' class=\"cz_14375 cz_acc clr cz_acc_first_open\"><div><div id=\"cz_49351\"><span class=\"cz_acc_child\"><i class=\"cz-acc-i cz-acc-icon fa fa-bookmark\"><\/i><div>Je v vili dovoljeno kaditi?<\/div><\/span><div class=\"cz_acc_child_content clr\">[vc_column_text]Vsi na\u0161i apartmaji so nekadilski, v notranjosti je kajenje prepovedano. Kajenje pa je dovoljeno na terasi in pred hi\u0161o.[\/vc_column_text]<\/div><\/div><div id=\"cz_33088\"><span class=\"cz_acc_child\"><i class=\"cz-acc-i cz-acc-icon fa fa-comment-o\"><\/i><div>Ali so v vili dovoljene zabave?<\/div><\/span><div class=\"cz_acc_child_content clr\">[vc_column_text]Zabave v vili niso dovoljene, saj so apartmaji namenjeni po\u010ditku in sprostitvi.[\/vc_column_text]<\/div><\/div><div id=\"cz_67192\"><span class=\"cz_acc_child\"><i class=\"cz-acc-i cz-acc-icon fa fa-comment-o\"><\/i><div>Ali so doma\u010di ljubljen\u010dki dovoljeni?<\/div><\/span><div class=\"cz_acc_child_content clr\">[vc_column_text]Da, hi\u0161ni ljubljen\u010dki so dovoljeni v nekaterih apartmajih: APP1, APP2 in APP3. Bivanje hi\u0161nega ljubljen\u010dka se zara\u010duna 15 EUR\/no\u010d.[\/vc_column_text]<\/div><\/div><div id=\"cz_71822\"><span class=\"cz_acc_child\"><i class=\"cz-acc-i cz-acc-icon fa fa-comment-o\"><\/i><div>Ali je v apartmajih Wi-Fi?<\/div><\/span><div class=\"cz_acc_child_content clr\">[vc_column_text]Da, brez\u017ei\u010dni internet je na voljo v vseh apartmajih in to BREZPLA\u010cNO![\/vc_column_text]<\/div><\/div><div id=\"cz_12959\"><span class=\"cz_acc_child\"><i class=\"cz-acc-i cz-acc-icon fa fa-comment-o\"><\/i><div>Kak\u0161en je postopek vstopa v apartma?<\/div><\/span><div class=\"cz_acc_child_content clr\">[vc_column_text]Vsa navodila vam bomo poslali po e-po\u0161ti. En dan pred va\u0161im prihodom vam bomo tako poslali kodo za digitalno kodno klju\u010davnico za vstop v stanovanje, ki ste ga rezervirali, in za glavna vrata.[\/vc_column_text]<\/div><\/div><div id=\"cz_99342\"><span class=\"cz_acc_child\"><i class=\"cz-acc-i cz-acc-icon fa fa-comment-o\"><\/i><div>Delovni \u010das za pomo\u010d strankam:<\/div><\/span><div class=\"cz_acc_child_content clr\">[vc_column_text]Od 09:00 do 20:00. Na\u0161 telefon: +386 31 702 940. Lahko pa nas kontaktirate tudi po e-po\u0161ti: info@vilaemona.si[\/vc_column_text]<\/div><\/div><div id=\"cz_23975\"><span class=\"cz_acc_child\"><i class=\"cz-acc-i cz-acc-icon fa fa-comment-o\"><\/i><div>Do kdaj moram zapustiti apartma zadnji dan bivanja?<\/div><\/span><div class=\"cz_acc_child_content clr\">[vc_column_text]Odjava poteka do 10:00 ure zjutraj. \u010ce se \u017eelite odjaviti kasneje, stopite v kontakt z gostiteljem.[\/vc_column_text]<\/div><\/div><div id=\"cz_107406\"><span class=\"cz_acc_child\"><i class=\"cz-acc-i cz-acc-icon fa fa-comment-o\"><\/i><div>Kdaj se lahko prijavim v apartma?<\/div><\/span><div class=\"cz_acc_child_content clr\">[vc_column_text]\u010cas prijave je obi\u010dajno po 15.00 uri popoldne.[\/vc_column_text]<\/div><\/div><div id=\"cz_30679\"><span class=\"cz_acc_child\"><i class=\"cz-acc-i cz-acc-icon fa fa-comment-o\"><\/i><div>Je v sklopu nastanitve parkiri\u0161\u010de?<\/div><\/span><div class=\"cz_acc_child_content clr\">[vc_column_text]Da, imamo lastno varovano zasebno parkiri\u0161\u010de.[\/vc_column_text]<\/div><\/div><div id=\"cz_36296\"><span class=\"cz_acc_child\"><i class=\"cz-acc-i cz-acc-icon fa fa-comment-o\"><\/i><div>Ali Vila Emona organizira razli\u010dne izlete ali aktivnosti.<\/div><\/span><div class=\"cz_acc_child_content clr\">[vc_column_text]Ne, je pa v bli\u017eini veliko \u0161tevilo agencij, ki vam bodo z veseljem organizirale razli\u010dne izlete in aktivnosti v Ljubljani in okolici.[\/vc_column_text]<\/div><\/div><div id=\"cz_82459\"><span class=\"cz_acc_child\"><i class=\"cz-acc-i cz-acc-icon fa fa-comment-o\"><\/i><div>Ali je v zgradbi dvigalo?<\/div><\/span><div class=\"cz_acc_child_content clr\">[vc_column_text]Ne.[\/vc_column_text]<\/div><\/div><div id=\"cz_67017\"><span class=\"cz_acc_child\"><i class=\"cz-acc-i cz-acc-icon fa fa-comment-o\"><\/i><div>Ali se v apartmaje lahko namesti dodatna le\u017ei\u0161\u010da?<\/div><\/span><div class=\"cz_acc_child_content clr\">[vc_column_text]Ne, na\u0161i apartmaji nimajo mo\u017enosti namestitve dodatnih le\u017ei\u0161\u010d. Vsi na\u0161i apartmaji pa imajo raztegljivo sede\u017eno garnituro z vzmetnico.[\/vc_column_text]<\/div><\/div><div id=\"cz_56461\"><span class=\"cz_acc_child\"><i class=\"cz-acc-i cz-acc-icon fa fa-comment-o\"><\/i><div>Ali je v vseh apartmajih klimatska naprava?<\/div><\/span><div class=\"cz_acc_child_content clr\">[vc_column_text]Da, vsi apartmaji imajo klimatsko napravo.[\/vc_column_text]<\/div><\/div><div id=\"cz_29549\"><span class=\"cz_acc_child\"><i class=\"cz-acc-i cz-acc-icon fa fa-comment-o\"><\/i><div>Ali imajo vsi apartmaji lastno kopalnico?<\/div><\/span><div class=\"cz_acc_child_content clr\">[vc_column_text]Da, vsi apartmaji imajo lastno kopalnico.[\/vc_column_text]<\/div><\/div><div id=\"cz_21363\"><span class=\"cz_acc_child\"><i class=\"cz-acc-i cz-acc-icon fa fa-comment-o\"><\/i><div>Ali imajo vsa stanovanja tu\u0161 kabino?<\/div><\/span><div class=\"cz_acc_child_content clr\">[vc_column_text]Da, vsi apartmaji imajo samo tu\u0161 kabino.[\/vc_column_text]<\/div><\/div><div id=\"cz_92706\"><span class=\"cz_acc_child\"><i class=\"cz-acc-i cz-acc-icon fa fa-comment-o\"><\/i><div>Ali imajo vsa stanovanja kuhinjo?<\/div><\/span><div class=\"cz_acc_child_content clr\">[vc_column_text]Da, vsi apartmaji imajo kuhinjo. Opremljene so s kuhalno plo\u0161\u010do, pomivalnim strojem, hladilnikom, mikrovalovno pe\u010dico in opeka\u010dem za kruh. V kuhinji je seveda tudi kuhinjska posoda in pripomo\u010dki, ki jih lahko uporabljate med bivanjem, ter paket dobrodo\u0161lice, sestavljen iz 2 tablet za pomivalni stroj, difuzorja za pomivalni stroj in vre\u010dk za smeti.[\/vc_column_text]<\/div><\/div><div id=\"cz_13697\"><span class=\"cz_acc_child\"><i class=\"cz-acc-i cz-acc-icon fa fa-comment-o\"><\/i><div>Ali imajo vsa stanovanja pomivalni stroj?<\/div><\/span><div class=\"cz_acc_child_content clr\">[vc_column_text]Vsi apartmaji imajo pomivalni stroj, razen apartmaja &#8211; APP1.[\/vc_column_text]<\/div><\/div><div id=\"cz_29297\"><span class=\"cz_acc_child\"><i class=\"cz-acc-i cz-acc-icon fa fa-comment-o\"><\/i><div>Ali sta v apartmaju grelnik vode in aparat za kuhanje kave?<\/div><\/span><div class=\"cz_acc_child_content clr\">[vc_column_text]Da, tu je kavni aparat Dolce Gusto in grelnik vode s paketom kavnih kapsul, \u010dajev, instant kave, kapsul mleka in steklenica vode.[\/vc_column_text]<\/div><\/div><div id=\"cz_60972\"><span class=\"cz_acc_child\"><i class=\"cz-acc-i cz-acc-icon fa fa-comment-o\"><\/i><div>Katere TV kanale lahko gledam v apartmaju?<\/div><\/span><div class=\"cz_acc_child_content clr\">[vc_column_text]V apartmajih lahko gledate kabelske TV-programe.[\/vc_column_text]<\/div><\/div><div id=\"cz_90082\"><span class=\"cz_acc_child\"><i class=\"cz-acc-i cz-acc-icon fa fa-comment-o\"><\/i><div>Ali so v kopalnici toaletni pripomo\u010dki?<\/div><\/span><div class=\"cz_acc_child_content clr\">[vc_column_text]Da, \u0161amponi in mila.[\/vc_column_text]<\/div><\/div><div id=\"cz_75789\"><span class=\"cz_acc_child\"><i class=\"cz-acc-i cz-acc-icon fa fa-comment-o\"><\/i><div>Ali so v apartmajih su\u0161ilniki za lase?<\/div><\/span><div class=\"cz_acc_child_content clr\">[vc_column_text]Da, vsi apartmaji imajo su\u0161ilnike za lase.[\/vc_column_text]<\/div><\/div><\/div><\/div>[\/vc_column][\/vc_row][vc_row][vc_column]<div class=\"relative\"><div id=\"cz_40885\" class=\"cz_40885 cz_line tal\"><\/div><\/div><div class=\"clr\"><\/div>[\/vc_column][\/vc_row][vc_row css=&#8221;.vc_custom_1589112992907{padding-top: 6vh !important;padding-bottom: 8vh !important;}&#8221;][vc_column width=&#8221;1\/3&#8243;]<div id=\"cz_89822\" class=\"cz_89822 cz_title clr cz_mobile_text_center cz_title_pos_inline\"><div class=\"cz_title_content\"><div class=\"cz_wpe_content\"><h3><span style=\"font-size: 36px; font-weight: 300;\">o<\/span><\/h3>\n<h2>LJUBLJANI<\/h2>\n<\/div><\/div><\/div><div class=\"cz_gap clr \" style=\"height: 100px\"><\/div>[\/vc_column][vc_column width=&#8221;2\/3&#8243;]<div id=\"cz_14375\" data-arrows='{\"open\":\"fa fa-plus\",\"close\":\"fa fa-minus\"}' class=\"cz_14375 cz_acc clr cz_acc_first_open\"><div><div id=\"cz_19626\"><span class=\"cz_acc_child\"><i class=\"cz-acc-i cz-acc-icon fa fa-bookmark\"><\/i><div>ZGODOVINA LJUBLJANE<\/div><\/span><div class=\"cz_acc_child_content clr\">[vc_column_text]Razvoj Ljubljane sega v rimske \u010dase. Na obmo\u010dju dana\u0161nje Ljubljane je namre\u010d \u017ee takrat stala utrjena rimska naselbina, ki se je imenovala Emona.<\/p>\n<p>Toda ko so Emono uni\u010dili Huni, so se sem priselili Slovani in zgradili mesto pod grajskim gri\u010dem, ki se je razvilo v srednjeve\u0161ko Ljubljano (znano kot Laibach).<\/p>\n<p>Ta je bila nato pod habsbur\u0161ko oblastjo vse do propada Avstro-Ogrske monarhije leta 1918 in nato del Jugoslavije do leta 1991.[\/vc_column_text]<\/div><\/div><div id=\"cz_92201\"><span class=\"cz_acc_child\"><i class=\"cz-acc-i cz-acc-icon fa fa-comment-o\"><\/i><div>DEJSTVA O LJUBLJANI<\/div><\/span><div class=\"cz_acc_child_content clr\">[vc_column_text]Ljubljana je glavno mesto Slovenije, ki je ena izmed najmanj\u0161ih \u010dlanic Evropske unije. \u0160tevilo prebivalcev Slovenije je pribli\u017eno 2 milijona, prebivalcev Ljubljane pa pribli\u017eno 300.000. Ljubljana tako spada med najmanj\u0161e prestolnice EU. Vendar pa si upamo trditi, da se zagotovo uvr\u0161\u010da med najlep\u0161e in med najvarnej\u0161e od vseh.[\/vc_column_text]<\/div><\/div><div id=\"cz_41191\"><span class=\"cz_acc_child\"><i class=\"cz-acc-i cz-acc-icon fa fa-comment-o\"><\/i><div>LJUBLJANSKI ZMAJ<\/div><\/span><div class=\"cz_acc_child_content clr\">[vc_column_text]Ljubljanski zmaj je simbol mesta in predstavlja mo\u010d, pogum in veli\u010dino. Zmaje boste tako na\u0161li na Zmajevem mostu in na ljubljanskem grbu.[\/vc_column_text]<\/div><\/div><div id=\"cz_40456\"><span class=\"cz_acc_child\"><i class=\"cz-acc-i cz-acc-icon fa fa-comment-o\"><\/i><div>KJE SE LAHKO KUPI KARTICO URBANA?<\/div><\/span><div class=\"cz_acc_child_content clr\">[vc_column_text]Kartico Urbana lahko kupite na kateremkoli avtomatu Urbana &#8211; ti se ve\u010dinoma nahajajo v neposredni bli\u017eini avtobusnih postajali\u0161\u010d. Lahko se jo kupi tudi v kioskih in trafikah, na izbranih bencinskih servisih in po\u0161tah ter v ve\u010dih trgovskih centrih Mercator in Spar. Kartico Urbana prodajajo tudi na LPP Potni\u0161kem centru na Slovenski cesti 56 v Ljubljani, na ljubljanski avtobusni postaji na Trgu 4, v dveh turisti\u010dno informacijskih centrih, na Krekovem trgu 10 in na Adami\u010d-Lundrovem Nabre\u017eju 2, pa tudi na kateremkoli mestu z logotipom Urbana (rde\u010d krog z napisom Urbana).[\/vc_column_text]<\/div><\/div><div id=\"cz_97649\"><span class=\"cz_acc_child\"><i class=\"cz-acc-i cz-acc-icon fa fa-comment-o\"><\/i><div>KJE LAHKO PREVZAMEM LJUBLJANSKO TURISTI\u010cNO KARTICO?<\/div><\/span><div class=\"cz_acc_child_content clr\">[vc_column_text]Ljubljansko turisti\u010dno izkaznico lahko prevzamete na letali\u0161\u010du Jo\u017eeta Pu\u010dnika Ljubljana ali v Turisti\u010dno Informacijskem Centru (TIC). Pri nakupu kartice preko spleta izberite \u0161e mesto prevzema.<\/p>\n<p>Prevzemno mesto na letali\u0161\u010du Jo\u017eeta Pu\u010dnika Ljubljana je turisti\u010dno informacijsko sredi\u0161\u010de v dvorani Prihodi.<\/p>\n<p>Turisti\u010dno informacijski center (TIC), Adami\u010d &#8211; Lundrovo nabre\u017eje 2, Ljubljana. Delovni \u010das: ponedeljek \u2013 petek od 9.00 do 17.00, sobota od 9.00 do 15.00, nedelje in prazniki pa je zaprto.[\/vc_column_text]<\/div><\/div><div id=\"cz_22733\"><span class=\"cz_acc_child\"><i class=\"cz-acc-i cz-acc-icon fa fa-comment-o\"><\/i><div>ZGOLJ EN DAN V MESTU - KAJ NAREDITI?<\/div><\/span><div class=\"cz_acc_child_content clr\">[vc_column_text]Ljubljana je morda ena najprivla\u010dnej\u0161ih prestolnic na svetu, zagotovo pa je ena najmanj\u0161ih v Evropi. Toda naj vas to ne zavede! V Ljubljani je namre\u010d res veliko za videti, do\u017eiveti in izkusiti.[\/vc_column_text]<\/div><\/div><div id=\"cz_20313\"><span class=\"cz_acc_child\"><i class=\"cz-acc-i cz-acc-icon fa fa-comment-o\"><\/i><div>ALI SE V SLOVENIJI PO 21.URI LAHKO KUPI ALKOHOL V TRGOVINI?<\/div><\/span><div class=\"cz_acc_child_content clr\">[vc_column_text]Ne, po 21. uri v nobeni slovenski trgovini ne morete kupiti nobene vrste alkohola. Prav tako ne morete kupiti ni\u010d mo\u010dnej\u0161ega od piva ali vina v kavarnah in barih pred 10. uro zjutraj.[\/vc_column_text]<\/div><\/div><\/div><\/div>[\/vc_column][\/vc_row][vc_row css=&#8221;.vc_custom_1589113097486{padding-top: 6vh !important;padding-bottom: 8vh !important;}&#8221;][vc_column]<div class=\"cz_eqh cz_content_box_parent_fx  \"><div id=\"cz_42242\" class=\"cz_42242 cz_content_box clr\"><div class=\"cz_box_front clr\"><div class=\"cz_box_front_inner clr \"><span><\/span><div>[vc_row_inner][vc_column_inner width=&#8221;2\/3&#8243;]<div id=\"cz_67847\" class=\"cz_67847 cz_title clr cz_mobile_text_center cz_title_has_icon cz_title_pos_inline\"><div class=\"cz_title_content\"><i class=\"cz_title_icon_before fa czico-002-communication\"><\/i><div class=\"cz_wpe_content\"><h3>V primeru dodatnih vpra\u0161anj nas lahko kontaktirate in z veseljem vam bomo odgovorili.<\/h3>\n<\/div><\/div><\/div>[\/vc_column_inner][vc_column_inner width=&#8221;1\/3&#8243;]<div class=\"cz_gap clr \" style=\"height: 35px\"><\/div><div class=\"cz_btn_right cz_mobile_btn_center\"><div class=\"cz_24979_p\"><a id=\"cz_24979\" class=\"cz_24979 cz_btn cz_btn_txt_no_fx cz_btn_zoom_in\" href=\"\/sl\/kontakt\/\" title=\"Kontakt\" aria-label=\"Kontakt\"><span><strong>Kontaktirajte nas<\/strong><\/span><b class=\"cz_btn_onhover\"><strong>Kontaktirajte nas<\/strong><\/b><\/a><\/div><\/div><div class=\"clr\"><\/div>[\/vc_column_inner][\/vc_row_inner]<\/div><\/div><\/div><\/div><\/div>[\/vc_column][\/vc_row]<\/p>\n<\/div>","protected":false},"excerpt":{"rendered":"<p>[vc_row css=&#8221;.vc_custom_1589112795095{padding-top: 12vh !important;padding-bottom: 6vh !important;}&#8221;][vc_column][\/vc_column][\/vc_row][vc_row css=&#8221;.vc_custom_1589112930261{padding-top: 4vh !important;padding-bottom: 4vh !important;}&#8221;][vc_column &#8230; <\/p>\n","protected":false},"author":1,"featured_media":0,"parent":0,"menu_order":0,"comment_status":"closed","ping_status":"closed","template":"","meta":{"footnotes":""},"class_list":["post-2101","page","type-page","status-publish","hentry"],"yoast_head":"<!-- This site is optimized with the Yoast SEO plugin v25.9 - https:\/\/yoast.com\/wordpress\/plugins\/seo\/ -->\n<title>FAQ - Vila Emona<\/title>\n<meta name=\"robots\" content=\"index, follow, max-snippet:-1, max-image-preview:large, max-video-preview:-1\" \/>\n<link rel=\"canonical\" href=\"https:\/\/www.vilaemona.si\/sl\/faq\/\" \/>\n<meta property=\"og:locale\" content=\"sl_SI\" \/>\n<meta property=\"og:type\" content=\"article\" \/>\n<meta property=\"og:title\" content=\"FAQ - Vila Emona\" \/>\n<meta property=\"og:description\" content=\"[vc_row css=&#8221;.vc_custom_1589112795095{padding-top: 12vh !important;padding-bottom: 6vh !important;}&#8221;][vc_column][\/vc_column][\/vc_row][vc_row css=&#8221;.vc_custom_1589112930261{padding-top: 4vh !important;padding-bottom: 4vh !important;}&#8221;][vc_column ...\" \/>\n<meta property=\"og:url\" content=\"https:\/\/www.vilaemona.si\/sl\/faq\/\" \/>\n<meta property=\"og:site_name\" content=\"Vila Emona\" \/>\n<meta property=\"article:modified_time\" content=\"2021-11-21T16:19:06+00:00\" \/>\n<meta name=\"twitter:card\" content=\"summary_large_image\" \/>\n<meta name=\"twitter:label1\" content=\"Est. reading time\" \/>\n\t<meta name=\"twitter:data1\" content=\"5 minut\" \/>\n<script type=\"application\/ld+json\" class=\"yoast-schema-graph\">{\"@context\":\"https:\/\/schema.org\",\"@graph\":[{\"@type\":\"WebPage\",\"@id\":\"https:\/\/www.vilaemona.si\/sl\/faq\/\",\"url\":\"https:\/\/www.vilaemona.si\/sl\/faq\/\",\"name\":\"FAQ - Vila Emona\",\"isPartOf\":{\"@id\":\"https:\/\/www.vilaemona.si\/sl\/#website\"},\"datePublished\":\"2017-06-10T08:34:22+00:00\",\"dateModified\":\"2021-11-21T16:19:06+00:00\",\"breadcrumb\":{\"@id\":\"https:\/\/www.vilaemona.si\/sl\/faq\/#breadcrumb\"},\"inLanguage\":\"sl-SI\",\"potentialAction\":[{\"@type\":\"ReadAction\",\"target\":[\"https:\/\/www.vilaemona.si\/sl\/faq\/\"]}]},{\"@type\":\"BreadcrumbList\",\"@id\":\"https:\/\/www.vilaemona.si\/sl\/faq\/#breadcrumb\",\"itemListElement\":[{\"@type\":\"ListItem\",\"position\":1,\"name\":\"Home\",\"item\":\"https:\/\/www.vilaemona.si\/sl\/\"},{\"@type\":\"ListItem\",\"position\":2,\"name\":\"FAQ\"}]},{\"@type\":\"WebSite\",\"@id\":\"https:\/\/www.vilaemona.si\/sl\/#website\",\"url\":\"https:\/\/www.vilaemona.si\/sl\/\",\"name\":\"Vila Emona\",\"description\":\"Your home in Ljubljana Slovenia\",\"potentialAction\":[{\"@type\":\"SearchAction\",\"target\":{\"@type\":\"EntryPoint\",\"urlTemplate\":\"https:\/\/www.vilaemona.si\/sl\/?s={search_term_string}\"},\"query-input\":{\"@type\":\"PropertyValueSpecification\",\"valueRequired\":true,\"valueName\":\"search_term_string\"}}],\"inLanguage\":\"sl-SI\"}]}<\/script>\n<!-- \/ Yoast SEO plugin. -->","yoast_head_json":{"title":"FAQ - Vila Emona","robots":{"index":"index","follow":"follow","max-snippet":"max-snippet:-1","max-image-preview":"max-image-preview:large","max-video-preview":"max-video-preview:-1"},"canonical":"https:\/\/www.vilaemona.si\/sl\/faq\/","og_locale":"sl_SI","og_type":"article","og_title":"FAQ - Vila Emona","og_description":"[vc_row css=&#8221;.vc_custom_1589112795095{padding-top: 12vh !important;padding-bottom: 6vh !important;}&#8221;][vc_column][\/vc_column][\/vc_row][vc_row css=&#8221;.vc_custom_1589112930261{padding-top: 4vh !important;padding-bottom: 4vh !important;}&#8221;][vc_column ...","og_url":"https:\/\/www.vilaemona.si\/sl\/faq\/","og_site_name":"Vila Emona","article_modified_time":"2021-11-21T16:19:06+00:00","twitter_card":"summary_large_image","twitter_misc":{"Est. reading time":"5 minut"},"schema":{"@context":"https:\/\/schema.org","@graph":[{"@type":"WebPage","@id":"https:\/\/www.vilaemona.si\/sl\/faq\/","url":"https:\/\/www.vilaemona.si\/sl\/faq\/","name":"FAQ - Vila Emona","isPartOf":{"@id":"https:\/\/www.vilaemona.si\/sl\/#website"},"datePublished":"2017-06-10T08:34:22+00:00","dateModified":"2021-11-21T16:19:06+00:00","breadcrumb":{"@id":"https:\/\/www.vilaemona.si\/sl\/faq\/#breadcrumb"},"inLanguage":"sl-SI","potentialAction":[{"@type":"ReadAction","target":["https:\/\/www.vilaemona.si\/sl\/faq\/"]}]},{"@type":"BreadcrumbList","@id":"https:\/\/www.vilaemona.si\/sl\/faq\/#breadcrumb","itemListElement":[{"@type":"ListItem","position":1,"name":"Home","item":"https:\/\/www.vilaemona.si\/sl\/"},{"@type":"ListItem","position":2,"name":"FAQ"}]},{"@type":"WebSite","@id":"https:\/\/www.vilaemona.si\/sl\/#website","url":"https:\/\/www.vilaemona.si\/sl\/","name":"Vila Emona","description":"Your home in Ljubljana Slovenia","potentialAction":[{"@type":"SearchAction","target":{"@type":"EntryPoint","urlTemplate":"https:\/\/www.vilaemona.si\/sl\/?s={search_term_string}"},"query-input":{"@type":"PropertyValueSpecification","valueRequired":true,"valueName":"search_term_string"}}],"inLanguage":"sl-SI"}]}},"_links":{"self":[{"href":"https:\/\/www.vilaemona.si\/sl\/wp-json\/wp\/v2\/pages\/2101","targetHints":{"allow":["GET"]}}],"collection":[{"href":"https:\/\/www.vilaemona.si\/sl\/wp-json\/wp\/v2\/pages"}],"about":[{"href":"https:\/\/www.vilaemona.si\/sl\/wp-json\/wp\/v2\/types\/page"}],"author":[{"embeddable":true,"href":"https:\/\/www.vilaemona.si\/sl\/wp-json\/wp\/v2\/users\/1"}],"replies":[{"embeddable":true,"href":"https:\/\/www.vilaemona.si\/sl\/wp-json\/wp\/v2\/comments?post=2101"}],"version-history":[{"count":6,"href":"https:\/\/www.vilaemona.si\/sl\/wp-json\/wp\/v2\/pages\/2101\/revisions"}],"predecessor-version":[{"id":2107,"href":"https:\/\/www.vilaemona.si\/sl\/wp-json\/wp\/v2\/pages\/2101\/revisions\/2107"}],"wp:attachment":[{"href":"https:\/\/www.vilaemona.si\/sl\/wp-json\/wp\/v2\/media?parent=2101"}],"curies":[{"name":"wp","href":"https:\/\/api.w.org\/{rel}","templated":true}]}}