{"id":2173,"date":"2020-04-25T17:57:53","date_gmt":"2020-04-25T17:57:53","guid":{"rendered":"https:\/\/www.vilaemona.si\/privacy-policy\/"},"modified":"2023-03-31T06:40:25","modified_gmt":"2023-03-31T06:40:25","slug":"politika-zasebnosti","status":"publish","type":"page","link":"https:\/\/www.vilaemona.si\/sl\/politika-zasebnosti\/","title":{"rendered":"Politika zasebnosti"},"content":{"rendered":"\n<h1 class=\"wp-block-heading\">Varovanje zasebnosti<\/h1>\n\n\n\n<p>Ponudnik Vila Enona Ljubljana, ki upravlja to spletno stan, je zavezan k varovanju va\u0161e zasebnosti.<\/p>\n\n\n\n<p>Namen na\u0161e Politike zasebnosti je, da vas obvestimo o varovanju zasebnosti ter o mo\u017enostih, ki so na voljo pri na\u010dinu zbiranja in uporabe podatkov na spletu.<\/p>\n\n\n\n<p>S prijavo na prejemanje novic, poslanim povpra\u0161evanjem, sklenitvijo pogodbenega razmerja, nakupom ali drugo prijavo izjavljate, da ste polnoletna oseba in da omogo\u010date podjetju Vila Enona Ljubljana, Barjanska 10, Ljubljana, Slovenija , da zbira in obdeluje posredovane osebne podatke.<\/p>\n\n\n\n<p>Izklju\u010dno odgovornost za verodostojnost osebnih podatkov in kontaktnih informacij imate uporabniki sami.<\/p>\n\n\n\n<p>Posredovane osebne podatke bomo obdelovali v skladu s Splo\u0161no uredbo o varstvu osebnih podatkov in veljavnim Zakonom o varstvu osebnih podatkov.<\/p>\n\n\n\n<p><strong>Obdelava podatkov<\/strong><\/p>\n\n\n\n<p>Va\u0161e osebne podatke zbiramo le, \u010de je to nujno potrebno. Spletno mesto www.vilaemona.si lahko obi\u0161\u010dete tudi brez podajanja osebnih informacij.<\/p>\n\n\n\n<p>S prijavo na novice se strinjate, da o vas zbiramo osebne podatke, ki ste nam jih posredovali ob prijavi. Osebni podatki, ki jih zbiramo so ime, priimek in elektronski naslov, v nekaterih primerih lahko tudi samo elektronski naslov.<\/p>\n\n\n\n<p>\u010ce \u017eelite sklenitev in izvajanje pogodbe za pomo\u010d pri iskanju izvajalcev ali predstavitev na portalu, prenesti vsebino predstavitvenega gradiva, izvesti nakup v trgovini, sodelovati v nagradnih igrah ali se prijaviti na seminar, vas bomo odvisno od namena prosili za ime, priimek, elektronski naslov, telefonsko \u0161tevilko, naslov bivanja in druge podatke, ki jih prostovoljno vnesete v obrazce. Osebne podatke potrebujemo, da vam la\u017eje podamo odgovor oz. ponudbo na va\u0161e povpra\u0161evanje oz. za izvedbo naro\u010dene storitve.<\/p>\n\n\n\n<p>Z uporabo pi\u0161kotkov se strinjate, da se jih uporabi za namene analize poti uporabnika na spletni strani: od kod je uporabnik prispel na spletno mesto (vir prometa), za spremljanje zadr\u017eevanja na spletni strani, katere spletne strani je obiskoval, katere vsebine je prenesel oziroma si jih ogledal.<\/p>\n\n\n\n<p>Upravljavec bo razen zgoraj navedenih podatkov izklju\u010dno za potrebe dokazovanja osebne privolitve lahko zbiral podatek o naslovu spletne strani, na kateri je bila dana privolitev ter IP naslov posameznika, ko je dal privolitev in \u010das privolitve, ipd. Za namene spremljanja odjav in omejitev obdelave bo zbiral datum odjave oziroma omejitve obdelave ter elektronska sporo\u010dila s katerimi smo bili obve\u0161\u010deni o odjavi, spremembi podatkov ipd.<\/p>\n\n\n\n<p><strong>Namen in uporaba podatkov<\/strong><\/p>\n\n\n\n<p>Osebne podatke zbiramo v skladu z namenom, za katerega ste nam jih posredovali in jih uporabljamo izklju\u010dno za namen, zaradi katerega ste nam podatke posredovali.<\/p>\n\n\n\n<p>Posredovanih osebnih podatkov ne bomo uporabili za drug namen.<\/p>\n\n\n\n<p><strong>Pravna podlaga<\/strong><\/p>\n\n\n\n<p>Osebne podatke zbiramo na podlagi va\u0161ega soglasja oziroma na podlagi pogodbe.<\/p>\n\n\n\n<p><strong>Shranjevanje podatkov<\/strong><\/p>\n\n\n\n<p>Osebne podatke, ki ste nam jih posredovali ob prijavi na novice, hranimo tako dolgo, dokler ne bomo prejeli zahteve za odjavo, ki samodejno pomeni preklic privolitve. Po prejemu zahteve za odjavo ne bomo ve\u010d uporabljali zbranih osebnih podatkov za po\u0161iljanje elektronskih novic oziroma vabil na dogodke. Po odjavi oziroma preklicu privolitve ali po poteku pogodbenega razmerja bodo podatki lahko ostali shranjeni v zbirki upravljavca \u0161e pet let.<\/p>\n\n\n\n<p>Soglasje za obdelavo osebnih podatkov lahko kadarkoli prekli\u010dete. Preklic privolitve ne vpliva na zakonitost obdelave podatkov pred preklicem.<\/p>\n\n\n\n<p>Vse druge osebne podatke v okviru pogodbenega sodelovanja hranimo v skladu s trenutno veljavno zakonodajo in v okviru zastaralnih rokov.<\/p>\n\n\n\n<p><strong>Posredovanje osebnih podatkov<\/strong><\/p>\n\n\n\n<p>Osebnih podatkov ne bomo posredovali tretjim osebam, razen izbranim pogodbenim partnerjem, katere prav tako zavezuje Splo\u0161na uredba o varstvu osebnih podatkov in jih ne bomo javno razkrili, razen v primerih izrecnega soglasja ali pogodbe. Osebnih podatkov ne bomo posredovali v tretjo dr\u017eavo.<\/p>\n\n\n\n<p><strong>Va\u0161e pravice<\/strong><\/p>\n\n\n\n<p>V skladu s Splo\u0161no uredbo o varstvu osebnih podatkov in veljavno zakonodajo imate pravico do preklica privolitve, pravico do dostopa do podatkov, ki se nana\u0161ajo na vas, pravico do popravka neto\u010dnih podatkov, pravico do omejitve obdelave, pravico do pozabe oz. izbrisa vseh podatkov, pravico do vlo\u017eitve prito\u017ebe pri nadzornem organu ter pravico do prenosljivosti podatkov.<\/p>\n\n\n\n<p>Katero koli pravico lahko kadarkoli pisno uveljavljate. Pri tem navedite va\u0161e ime, priimek ter elektronski naslov. Zahtevo lahko po\u0161ljete po po\u0161ti na naslov: Vila Enona Ljubljana, Barjanska 10, Ljubljana, Slovenija ali izpolnite ustrezen kontaktni obrazec v\u00a0<a href=\"https:\/\/www.spletster.net\/center-zasebnosti\/\" target=\"_blank\" rel=\"noreferrer noopener\">Centru zasebnosti<\/a>. Prito\u017ebo nadzornemu organu sporo\u010dite na veljavni kontakt informacijskega poobla\u0161\u010denca. Preklic privolitve lahko po\u0161ljete tudi na kontakt s katerega ste prejeli na\u0161e sporo\u010dilo oziroma s klikom na ponujeno povezavo.<\/p>\n\n\n\n<p>Na va\u0161o zahtevo, s katero uveljavljate svoje pravice v zvezi z navedenimi osebnimi podatki, moramo odgovoriti brez nepotrebnega odla\u0161anja in najpozneje v enem mesecu od prejema zahteve.<\/p>\n\n\n\n<p>Za potrebe zanesljive identifikacije v primeru uveljavljanja pravic v zvezi z osebnimi podatki od vas lahko zahtevamo dodatne podatke, ukrepanje pa lahko zavrnemo le v primeru, da doka\u017eemo, da vas ne moremo zanesljivo identificirati.<\/p>\n\n\n\n<p>Ta izjava o zasebnosti se lahko kadarkoli spremeni ali dopolni, brez predhodnega opozorila ali obvestila. Z uporabo spletnih strani ponudnika po spremembi ali dopolnitvi posameznik potrjuje, da je seznanjen in sogla\u0161a s spremembami in dopolnitvami.<\/p>\n\n\n\n<p>Ljubljana, 23. 2. 2022<\/p>\n\n\n\n<h2 class=\"wp-block-heading\">Spletni pi\u0161kotki<\/h2>\n\n\n\n<p>V teh pravilih izraz \u201cpi\u0161kotki\u201d uporabljamo za pi\u0161kotke ali druge podobne tehnologije, ki jih zajema Direktiva EU o zasebnosti in elektronskih komunikacijah.<\/p>\n\n\n\n<p><em>Kaj je pi\u0161kotek?<\/em><\/p>\n\n\n\n<p>Pi\u0161kotki so majhne besedilne datoteke, ustvarjene z obiskom spletne strani in vsebujejo podatke. Shranjujejo se na uporabnikovem ra\u010dunalniku in mu omogo\u010dajo dostop do razli\u010dnih funkcij. Na na\u0161ih straneh uporabljamo tako sejne kot trajne pi\u0161kotke. Sejni pi\u0161kotek se, medtem ko uporabnik brska po strani, za\u010dasno shrani v ra\u010dunalni\u0161ki spomin. Ta pi\u0161kotek se zbri\u0161e, ko uporabnik zapre spletni brskalnik ali ko je potekel dolo\u010den \u010das (pomeni, da je seja potekla). Trajni pi\u0161kotek pa na uporabnikovem ra\u010dunalniku ostane, dokler se ne zbri\u0161e.<\/p>\n\n\n\n<p><em>Zakaj uporabljamo pi\u0161kotke?<\/em><\/p>\n\n\n\n<p>Pi\u0161kotke uporabljamo zato, da izvemo ve\u010d o na\u010dinu, kako uporabniki uporabljajo na\u0161o vsebino, pomagajo pa nam tudi izbolj\u0161ati va\u0161o izku\u0161njo, ko obi\u0161\u010dete spletno stran. Podatki se ne obdelujejo na individualni ravni.<\/p>\n\n\n\n<p><em>Funkcionalnost strani in vsebina<\/em><\/p>\n\n\n\n<p>Podatki, pridobljeni s pomo\u010djo pi\u0161kotkov na spletni strani se lahko uporabljajo za razli\u010dne namene, vklju\u010dno z naslednjimi:<\/p>\n\n\n\n<ul class=\"wp-block-list\">\n<li>Nujno potrebni: Ti pi\u0161kotki so bistvenega pomena, saj omogo\u010dajo, da se premikate po spletni strani in uporabljate njene mo\u017enosti, kot sta dostop do varnih predelov.<\/li>\n\n\n\n<li>Zmogljivost: Ti pi\u0161kotki zbirajo informacije o tem, kako obiskovalci uporabljajo spletno stran, npr.: katere strani obiskujejo najpogosteje in ali prejemajo sporo\u010dila o napaki. Ti pi\u0161kotki se uporabljajo za izbolj\u0161anje delovanja spletne strani v prihodnjih razli\u010dicah.<\/li>\n\n\n\n<li>Funkcionalnost: Ti pi\u0161kotki spletni strani omogo\u010dajo, da si zapomni va\u0161e odlo\u010ditve ter zagotavljajo bolj personalizirano uporabni\u0161ko izku\u0161njo.<\/li>\n\n\n\n<li>Usmerjenost ali ogla\u0161evanje: Ti pi\u0161kotki se uporabljajo za ponujanje vsebin, ki so bolj pomembne za vas in va\u0161e interese.<\/li>\n<\/ul>\n\n\n\n<p>Pri uporabi na\u0161ih spletne strani pa ne moremo nadzorovati ogla\u0161evalcev, katerim ogla\u0161evanje dovoljujejo ponudniki internetnih storitev (youtube,\u2026), medtem ko brskate po spletu.<\/p>\n\n\n\n<p><em>Kako zavrnem in zbri\u0161em pi\u0161kotke?<\/em><\/p>\n\n\n\n<p>Pi\u0161kotkov ne bomo uporabljali za zbiranje osebnih podatkov o uporabnikih. Kakorkoli, \u010de \u017eelite, lahko pi\u0161kotke zavrnete ali blokirate, tako da spremenite nastavitve brskalnika \u2013 za ve\u010d informacij glejte funkcijo \u201cPomo\u010d\u201d v va\u0161em brskalniku. Prosimo upo\u0161tevajte, da ve\u010dina brskalnikov samodejno sprejema pi\u0161kotke. \u010ce ne \u017eelite uporabe pi\u0161kotkov, jih boste morda zato morali aktivno zbrisati ali blokirati. Za informacije o uporabi pi\u0161kotkov v brskalnikih mobilnih telefonov in podrobnosti o tem, kako zavrniti ali zbrisati tak\u0161ne pi\u0161kotke, se prosimo obrnite na priro\u010dnik za uporabo va\u0161ega mobilnega telefona. Vedite, da boste z zavrnitvijo uporabe pi\u0161kotkov \u0161e vedno lahko obiskovali na\u0161e spletne strani, le nekatere funkcije morda ne bodo delovale pravilno.<\/p>\n\n\n\n<p><em>Google Analytics \u2013 izjava o zasebnosti<\/em><\/p>\n\n\n\n<p>Ta spletna stran uporablja Google Analytics, storitev dru\u017ebe Google Inc (\u201cGoogle\u201d). Google Analytics uporablja \u201cpi\u0161kotke\u201d, besedilne datoteke, ki so shranjene na uporabnikovem ra\u010dunalniku, da bi na spletni strani analizirati, kako uporabniki uporabljajo spletne strani. Informacije, ki jih ustvari pi\u0161kotek o uporabi te spletne strani (vklju\u010dno z IP naslovom uporabnikovega ra\u010dunalnika) bo poslan in shranjen pri Googlu na stre\u017enikih v Zdru\u017eenih dr\u017eavah Amerike. Google uporablja te podatke, da lahko oceni, kako se uporablja spletno stran, da pripravi poro\u010dila o dejavnosti za operaterje spletnih strani in za zagotavljanje drugih storitev v zvezi z dejavnostjo spletne strani in interneta. Google lahko te informacije posreduje tretjim osebam, \u010de tako zahteva zakon, ali \u010de tretje osebe obdelujejo podatke v imenu podjetja Google. Google ne bo povezal uporabnikovega IP naslova s kakr\u0161nimi koli drugimi podatki, ki jih hrani. Uporabnik lahko zavrne uporabo pi\u0161kotkov z izbiro ustreznih nastavitev na brskalniku. Vendar je potrebno upo\u0161tevati, da uporabnik morda ne bo mogel uporabljati vseh funkcij te spletne strani. Z uporabo te spletne strani uporabnik daje Google-u soglasje za obdelavo podatkov na na\u010din in za namene, kot je navedeno v tekstu.<\/p>\n\n\n\n<h3 class=\"wp-block-heading\">PI\u0160KOTKI, KI JIH UPORABLJAMO<\/h3>\n\n\n\n<figure class=\"wp-block-table\"><table><thead><tr><th>IME PI\u0160KOTKA<\/th><th>NAMEN<\/th><\/tr><\/thead><tbody><tr><td>_gat<\/td><td>Pi\u0161kotek se uporablja za uravnavanje \u0161tevila poslanih zahtevkov Google Analytics. Pi\u0161kotek ne vsebuje informacij o uporabniku<\/td><\/tr><tr><td>_ga<\/td><td>Pi\u0161kotke nastavi orodje Google Analytics, omogo\u010dajo pa nam, da lahko opazujemo, kako se uporabniki premikajo znotraj na\u0161ih spletnih strani.<\/td><\/tr><tr><td>_gid<\/td><td>Pi\u0161kotek za razlikovanje med uporabniki. Pi\u0161kotek ne vsebuje informacij o uporabniku<\/td><\/tr><tr><td>_hjIncludedInSample<\/td><td>HotJar pi\u0161kotek. Nastavi sejo, da pi\u0161kotek ve ali je ta obiskovalec \u017ee vklju\u010den v vzorec, ki se uporablja za analizo strani<\/td><\/tr><tr><td>wordpress_gdpr_adwords_allowed<\/td><td>Pi\u0161kotek za pregled obvestila in dovoljenja pi\u0161kotkov.<\/td><\/tr><tr><td>wordpress_gdpr_analytics_allowed<\/td><td>Pi\u0161kotek za pregled obvestila in dovoljenja pi\u0161kotkov.<\/td><\/tr><tr><td>wordpress_gdpr_cookies_allowed<\/td><td>Pi\u0161kotek za pregled obvestila in dovoljenja pi\u0161kotkov.<\/td><\/tr><tr><td>wordpress_gdpr_facebook_allowed<\/td><td>Pi\u0161kotek za pregled obvestila in dovoljenja pi\u0161kotkov.<\/td><\/tr><tr><td>wordpress_gdpr_hot_jar_allowed<\/td><td>Pi\u0161kotek za pregled obvestila in dovoljenja pi\u0161kotkov.<\/td><\/tr><tr><td>wordpress_gdpr_tag_manager_allowed<\/td><td>Pi\u0161kotek za pregled obvestila in dovoljenja pi\u0161kotkov.<\/td><\/tr><\/tbody><\/table><\/figure>\n\n\n\n<h3 class=\"wp-block-heading\">NASTAVITEV ZASEBNOSTI<\/h3>\n\n\n\n<p><strong><em>Upravljanje s podatki<\/em><\/strong><\/p>\n\n\n\n<p>Upravljalec s podatki, zbranimi s pomo\u010djo pi\u0161kotkov, je :&nbsp;<\/p>\n\n\n\n<p>Vila Enona Ljubljana, Barjanska 10, Ljubljana<\/p>\n","protected":false},"excerpt":{"rendered":"<p>Varovanje zasebnosti Ponudnik Vila Enona Ljubljana, ki upravlja to spletno stan, &#8230; <\/p>\n","protected":false},"author":1,"featured_media":0,"parent":0,"menu_order":0,"comment_status":"closed","ping_status":"closed","template":"","meta":{"footnotes":""},"class_list":["post-2173","page","type-page","status-publish","hentry"],"yoast_head":"<!-- This site is optimized with the Yoast SEO plugin v25.9 - https:\/\/yoast.com\/wordpress\/plugins\/seo\/ -->\n<title>Politika zasebnosti - Vila Emona<\/title>\n<meta name=\"robots\" content=\"index, follow, max-snippet:-1, max-image-preview:large, max-video-preview:-1\" \/>\n<link rel=\"canonical\" href=\"https:\/\/www.vilaemona.si\/sl\/politika-zasebnosti\/\" \/>\n<meta property=\"og:locale\" content=\"sl_SI\" \/>\n<meta property=\"og:type\" content=\"article\" \/>\n<meta property=\"og:title\" content=\"Politika zasebnosti - Vila Emona\" \/>\n<meta property=\"og:description\" content=\"Varovanje zasebnosti Ponudnik Vila Enona Ljubljana, ki upravlja to spletno stan, ...\" \/>\n<meta property=\"og:url\" content=\"https:\/\/www.vilaemona.si\/sl\/politika-zasebnosti\/\" \/>\n<meta property=\"og:site_name\" content=\"Vila Emona\" \/>\n<meta property=\"article:modified_time\" content=\"2023-03-31T06:40:25+00:00\" \/>\n<meta name=\"twitter:card\" content=\"summary_large_image\" \/>\n<meta name=\"twitter:label1\" content=\"Est. reading time\" \/>\n\t<meta name=\"twitter:data1\" content=\"7 minut\" \/>\n<script type=\"application\/ld+json\" class=\"yoast-schema-graph\">{\"@context\":\"https:\/\/schema.org\",\"@graph\":[{\"@type\":\"WebPage\",\"@id\":\"https:\/\/www.vilaemona.si\/sl\/politika-zasebnosti\/\",\"url\":\"https:\/\/www.vilaemona.si\/sl\/politika-zasebnosti\/\",\"name\":\"Politika zasebnosti - Vila Emona\",\"isPartOf\":{\"@id\":\"https:\/\/www.vilaemona.si\/sl\/#website\"},\"datePublished\":\"2020-04-25T17:57:53+00:00\",\"dateModified\":\"2023-03-31T06:40:25+00:00\",\"breadcrumb\":{\"@id\":\"https:\/\/www.vilaemona.si\/sl\/politika-zasebnosti\/#breadcrumb\"},\"inLanguage\":\"sl-SI\",\"potentialAction\":[{\"@type\":\"ReadAction\",\"target\":[\"https:\/\/www.vilaemona.si\/sl\/politika-zasebnosti\/\"]}]},{\"@type\":\"BreadcrumbList\",\"@id\":\"https:\/\/www.vilaemona.si\/sl\/politika-zasebnosti\/#breadcrumb\",\"itemListElement\":[{\"@type\":\"ListItem\",\"position\":1,\"name\":\"Home\",\"item\":\"https:\/\/www.vilaemona.si\/sl\/\"},{\"@type\":\"ListItem\",\"position\":2,\"name\":\"Politika zasebnosti\"}]},{\"@type\":\"WebSite\",\"@id\":\"https:\/\/www.vilaemona.si\/sl\/#website\",\"url\":\"https:\/\/www.vilaemona.si\/sl\/\",\"name\":\"Vila Emona\",\"description\":\"Your home in Ljubljana Slovenia\",\"potentialAction\":[{\"@type\":\"SearchAction\",\"target\":{\"@type\":\"EntryPoint\",\"urlTemplate\":\"https:\/\/www.vilaemona.si\/sl\/?s={search_term_string}\"},\"query-input\":{\"@type\":\"PropertyValueSpecification\",\"valueRequired\":true,\"valueName\":\"search_term_string\"}}],\"inLanguage\":\"sl-SI\"}]}<\/script>\n<!-- \/ Yoast SEO plugin. -->","yoast_head_json":{"title":"Politika zasebnosti - Vila Emona","robots":{"index":"index","follow":"follow","max-snippet":"max-snippet:-1","max-image-preview":"max-image-preview:large","max-video-preview":"max-video-preview:-1"},"canonical":"https:\/\/www.vilaemona.si\/sl\/politika-zasebnosti\/","og_locale":"sl_SI","og_type":"article","og_title":"Politika zasebnosti - Vila Emona","og_description":"Varovanje zasebnosti Ponudnik Vila Enona Ljubljana, ki upravlja to spletno stan, ...","og_url":"https:\/\/www.vilaemona.si\/sl\/politika-zasebnosti\/","og_site_name":"Vila Emona","article_modified_time":"2023-03-31T06:40:25+00:00","twitter_card":"summary_large_image","twitter_misc":{"Est. reading time":"7 minut"},"schema":{"@context":"https:\/\/schema.org","@graph":[{"@type":"WebPage","@id":"https:\/\/www.vilaemona.si\/sl\/politika-zasebnosti\/","url":"https:\/\/www.vilaemona.si\/sl\/politika-zasebnosti\/","name":"Politika zasebnosti - Vila Emona","isPartOf":{"@id":"https:\/\/www.vilaemona.si\/sl\/#website"},"datePublished":"2020-04-25T17:57:53+00:00","dateModified":"2023-03-31T06:40:25+00:00","breadcrumb":{"@id":"https:\/\/www.vilaemona.si\/sl\/politika-zasebnosti\/#breadcrumb"},"inLanguage":"sl-SI","potentialAction":[{"@type":"ReadAction","target":["https:\/\/www.vilaemona.si\/sl\/politika-zasebnosti\/"]}]},{"@type":"BreadcrumbList","@id":"https:\/\/www.vilaemona.si\/sl\/politika-zasebnosti\/#breadcrumb","itemListElement":[{"@type":"ListItem","position":1,"name":"Home","item":"https:\/\/www.vilaemona.si\/sl\/"},{"@type":"ListItem","position":2,"name":"Politika zasebnosti"}]},{"@type":"WebSite","@id":"https:\/\/www.vilaemona.si\/sl\/#website","url":"https:\/\/www.vilaemona.si\/sl\/","name":"Vila Emona","description":"Your home in Ljubljana Slovenia","potentialAction":[{"@type":"SearchAction","target":{"@type":"EntryPoint","urlTemplate":"https:\/\/www.vilaemona.si\/sl\/?s={search_term_string}"},"query-input":{"@type":"PropertyValueSpecification","valueRequired":true,"valueName":"search_term_string"}}],"inLanguage":"sl-SI"}]}},"_links":{"self":[{"href":"https:\/\/www.vilaemona.si\/sl\/wp-json\/wp\/v2\/pages\/2173","targetHints":{"allow":["GET"]}}],"collection":[{"href":"https:\/\/www.vilaemona.si\/sl\/wp-json\/wp\/v2\/pages"}],"about":[{"href":"https:\/\/www.vilaemona.si\/sl\/wp-json\/wp\/v2\/types\/page"}],"author":[{"embeddable":true,"href":"https:\/\/www.vilaemona.si\/sl\/wp-json\/wp\/v2\/users\/1"}],"replies":[{"embeddable":true,"href":"https:\/\/www.vilaemona.si\/sl\/wp-json\/wp\/v2\/comments?post=2173"}],"version-history":[{"count":6,"href":"https:\/\/www.vilaemona.si\/sl\/wp-json\/wp\/v2\/pages\/2173\/revisions"}],"predecessor-version":[{"id":2478,"href":"https:\/\/www.vilaemona.si\/sl\/wp-json\/wp\/v2\/pages\/2173\/revisions\/2478"}],"wp:attachment":[{"href":"https:\/\/www.vilaemona.si\/sl\/wp-json\/wp\/v2\/media?parent=2173"}],"curies":[{"name":"wp","href":"https:\/\/api.w.org\/{rel}","templated":true}]}}